{"id":134,"date":"2023-01-25T13:29:55","date_gmt":"2023-01-25T12:29:55","guid":{"rendered":"https:\/\/www.thinksfloor.com\/?page_id=134"},"modified":"2023-02-04T16:50:16","modified_gmt":"2023-02-04T15:50:16","slug":"dodavka","status":"publish","type":"page","link":"https:\/\/www.thinksfloor.com\/?page_id=134","title":{"rendered":"VAN RECO"},"content":{"rendered":"<h5>Syst\u00e9m opravy podlahy dod\u00e1vky VAN RECO spo\u010d\u00edva vo vytvoren\u00ed \u00faplne novej, ve\u013emi odolnej, vodotesnej podlahy. Pred\u00e1va sa aj s realiz\u00e1ciou a je mo\u017en\u00e9 vyhotovenie v r\u00f4znych farebn\u00fdch variantoch.<\/h5>\n<h5>Cena sa stanovuje na z\u00e1klade individu\u00e1lnej kalkul\u00e1cie.<\/h5>\n<p><img decoding=\"async\" src=\"https:\/\/www.thinksfloor.com\/wp-content\/uploads\/2023\/01\/vanreco-2-e1674584587806.jpg\" \/><\/p>\n","protected":false},"excerpt":{"rendered":"<p>Syst\u00e9m opravy podlahy dod\u00e1vky VAN RECO spo\u010d\u00edva vo vytvoren\u00ed \u00faplne novej, ve\u013emi odolnej, vodotesnej podlahy. Pred\u00e1va sa aj s realiz\u00e1ciou a je mo\u017en\u00e9 vyhotovenie v r\u00f4znych farebn\u00fdch variantoch. Cena sa stanovuje na z\u00e1klade individu\u00e1lnej kalkul\u00e1cie.<\/p>\n","protected":false},"author":1,"featured_media":0,"parent":0,"menu_order":0,"comment_status":"closed","ping_status":"closed","template":"","meta":{"footnotes":""},"class_list":["post-134","page","type-page","status-publish","hentry"],"_links":{"self":[{"href":"https:\/\/www.thinksfloor.com\/index.php?rest_route=\/wp\/v2\/pages\/134","targetHints":{"allow":["GET"]}}],"collection":[{"href":"https:\/\/www.thinksfloor.com\/index.php?rest_route=\/wp\/v2\/pages"}],"about":[{"href":"https:\/\/www.thinksfloor.com\/index.php?rest_route=\/wp\/v2\/types\/page"}],"author":[{"embeddable":true,"href":"https:\/\/www.thinksfloor.com\/index.php?rest_route=\/wp\/v2\/users\/1"}],"replies":[{"embeddable":true,"href":"https:\/\/www.thinksfloor.com\/index.php?rest_route=%2Fwp%2Fv2%2Fcomments&post=134"}],"version-history":[{"count":13,"href":"https:\/\/www.thinksfloor.com\/index.php?rest_route=\/wp\/v2\/pages\/134\/revisions"}],"predecessor-version":[{"id":416,"href":"https:\/\/www.thinksfloor.com\/index.php?rest_route=\/wp\/v2\/pages\/134\/revisions\/416"}],"wp:attachment":[{"href":"https:\/\/www.thinksfloor.com\/index.php?rest_route=%2Fwp%2Fv2%2Fmedia&parent=134"}],"curies":[{"name":"wp","href":"https:\/\/api.w.org\/{rel}","templated":true}]}}